{"id":821,"date":"2025-02-19T10:14:59","date_gmt":"2025-02-19T09:14:59","guid":{"rendered":"http:\/\/localhost\/wordpress\/?page_id=821"},"modified":"2025-10-06T15:26:48","modified_gmt":"2025-10-06T13:26:48","slug":"garder-les-jeunes-filles-a-lecole","status":"publish","type":"page","link":"https:\/\/www.ongsaintgabriel.org\/index.php\/garder-les-jeunes-filles-a-lecole\/","title":{"rendered":"Garder les jeunes filles \u00e0 l\u2019\u00e9cole"},"content":{"rendered":"\t\t<div data-elementor-type=\"wp-page\" data-elementor-id=\"821\" class=\"elementor elementor-821\">\n\t\t\t\t<div class=\"elementor-element elementor-element-fd93e5d e-con-full e-flex e-con e-parent\" data-id=\"fd93e5d\" data-element_type=\"container\" data-settings=\"{&quot;background_background&quot;:&quot;classic&quot;}\">\n\t\t\t\t<div class=\"elementor-element elementor-element-dc14a29 elementor-pagination-position-inside elementor-arrows-position-inside elementor-widget elementor-widget-image-carousel\" data-id=\"dc14a29\" data-element_type=\"widget\" data-settings=\"{&quot;slides_to_show&quot;:&quot;1&quot;,&quot;navigation&quot;:&quot;both&quot;,&quot;autoplay&quot;:&quot;yes&quot;,&quot;pause_on_hover&quot;:&quot;yes&quot;,&quot;pause_on_interaction&quot;:&quot;yes&quot;,&quot;autoplay_speed&quot;:5000,&quot;infinite&quot;:&quot;yes&quot;,&quot;effect&quot;:&quot;slide&quot;,&quot;speed&quot;:500}\" data-widget_type=\"image-carousel.default\">\n\t\t\t\t<div class=\"elementor-widget-container\">\n\t\t\t\t\t\t\t<div class=\"elementor-image-carousel-wrapper swiper\" role=\"region\" aria-roledescription=\"carousel\" aria-label=\"Carrousel d\u2019images\" dir=\"ltr\">\n\t\t\t<div class=\"elementor-image-carousel swiper-wrapper swiper-image-stretch\" aria-live=\"off\">\n\t\t\t\t\t\t\t\t<div class=\"swiper-slide\" role=\"group\" aria-roledescription=\"slide\" aria-label=\"1 sur 3\"><figure class=\"swiper-slide-inner\"><img decoding=\"async\" class=\"swiper-slide-image\" src=\"https:\/\/www.ongsaintgabriel.org\/wp-content\/uploads\/2025\/02\/1-1.jpg\" alt=\"1\" \/><\/figure><\/div><div class=\"swiper-slide\" role=\"group\" aria-roledescription=\"slide\" aria-label=\"2 sur 3\"><figure class=\"swiper-slide-inner\"><img decoding=\"async\" class=\"swiper-slide-image\" src=\"https:\/\/www.ongsaintgabriel.org\/wp-content\/uploads\/2025\/04\/450560399_495058849717874_7001697521100362099_n.jpg\" alt=\"450560399_495058849717874_7001697521100362099_n\" \/><\/figure><\/div><div class=\"swiper-slide\" role=\"group\" aria-roledescription=\"slide\" aria-label=\"3 sur 3\"><figure class=\"swiper-slide-inner\"><img decoding=\"async\" class=\"swiper-slide-image\" src=\"https:\/\/www.ongsaintgabriel.org\/wp-content\/uploads\/2025\/04\/photo-education-jeune-filles_n.jpg\" alt=\"photo education jeune filles_n\" \/><\/figure><\/div>\t\t\t<\/div>\n\t\t\t\t\t\t\t\t\t\t\t\t<div class=\"elementor-swiper-button elementor-swiper-button-prev\" role=\"button\" tabindex=\"0\">\n\t\t\t\t\t\t<svg aria-hidden=\"true\" class=\"e-font-icon-svg e-fas-arrow-alt-circle-left\" viewBox=\"0 0 512 512\" xmlns=\"http:\/\/www.w3.org\/2000\/svg\"><path d=\"M256 504C119 504 8 393 8 256S119 8 256 8s248 111 248 248-111 248-248 248zm116-292H256v-70.9c0-10.7-13-16.1-20.5-8.5L121.2 247.5c-4.7 4.7-4.7 12.2 0 16.9l114.3 114.9c7.6 7.6 20.5 2.2 20.5-8.5V300h116c6.6 0 12-5.4 12-12v-64c0-6.6-5.4-12-12-12z\"><\/path><\/svg>\t\t\t\t\t<\/div>\n\t\t\t\t\t<div class=\"elementor-swiper-button elementor-swiper-button-next\" role=\"button\" tabindex=\"0\">\n\t\t\t\t\t\t<svg aria-hidden=\"true\" class=\"e-font-icon-svg e-fas-arrow-circle-right\" viewBox=\"0 0 512 512\" xmlns=\"http:\/\/www.w3.org\/2000\/svg\"><path d=\"M256 8c137 0 248 111 248 248S393 504 256 504 8 393 8 256 119 8 256 8zm-28.9 143.6l75.5 72.4H120c-13.3 0-24 10.7-24 24v16c0 13.3 10.7 24 24 24h182.6l-75.5 72.4c-9.7 9.3-9.9 24.8-.4 34.3l11 10.9c9.4 9.4 24.6 9.4 33.9 0L404.3 273c9.4-9.4 9.4-24.6 0-33.9L271.6 106.3c-9.4-9.4-24.6-9.4-33.9 0l-11 10.9c-9.5 9.6-9.3 25.1.4 34.4z\"><\/path><\/svg>\t\t\t\t\t<\/div>\n\t\t\t\t\n\t\t\t\t\t\t\t\t\t<div class=\"swiper-pagination\"><\/div>\n\t\t\t\t\t\t\t\t\t<\/div>\n\t\t\t\t\t\t<\/div>\n\t\t\t\t<\/div>\n\t\t<div class=\"elementor-element elementor-element-cd208af e-flex e-con-boxed e-con e-child\" data-id=\"cd208af\" data-element_type=\"container\" data-settings=\"{&quot;background_background&quot;:&quot;classic&quot;}\">\n\t\t\t\t\t<div class=\"e-con-inner\">\n\t\t\t\t<div class=\"elementor-element elementor-element-3b83fc5 elementor-widget elementor-widget-heading\" data-id=\"3b83fc5\" data-element_type=\"widget\" data-widget_type=\"heading.default\">\n\t\t\t\t<div class=\"elementor-widget-container\">\n\t\t\t\t\t<h2 class=\"elementor-heading-title elementor-size-default\">Garder les jeunes filles \u00e0 l\u2019\u00e9cole <\/h2>\t\t\t\t<\/div>\n\t\t\t\t<\/div>\n\t\t\t\t<div class=\"elementor-element elementor-element-0692e41 elementor-widget elementor-widget-text-editor\" data-id=\"0692e41\" data-element_type=\"widget\" data-widget_type=\"text-editor.default\">\n\t\t\t\t<div class=\"elementor-widget-container\">\n\t\t\t\t\t\t\t\t\t<p>Ce projet vise \u00e0 surmonter les obstacles freinant la scolarisation des filles en agissant sur plusieurs axes :<\/p><ol><li>Soutien scolaire et mat\u00e9riel \u00e9ducatif : Fourniture de kits scolaires, aide financi\u00e8re, cours de rattrapage, et suivi acad\u00e9mique.<\/li><li>Sensibilisation communautaire : Lutte contre les pr\u00e9jug\u00e9s culturels et promotion de l\u2019\u00e9ducation des filles aupr\u00e8s des familles et communaut\u00e9s.<\/li><li>Am\u00e9lioration des conditions de vie : Acc\u00e8s \u00e0 l\u2019eau potable, assainissement, nutrition, et jardins familiaux pour un environnement stable.<\/li><li>\u00c9ducation \u00e0 la sant\u00e9 et hygi\u00e8ne : Formations sur la sant\u00e9 reproductive, gestion des menstruations, hygi\u00e8ne et nutrition.<\/li><li>Accompagnement psychosocial : Soutien psychologique, espaces de discussion, et renforcement de la confiance en soi.<\/li><li>Soutien domestique : All\u00e8gement des t\u00e2ches m\u00e9nag\u00e8res gr\u00e2ce \u00e0 des formations et initiatives communautaires.<\/li><li>Vie associative et esprit d\u2019\u00e9quipe : Activit\u00e9s de groupe pour favoriser la socialisation, la responsabilit\u00e9 et l\u2019autonomie.<\/li><\/ol><p>Ce programme favorise un environnement propice \u00e0 l&rsquo;\u00e9ducation des filles et \u00e0 leur \u00e9panouissement.<\/p>\t\t\t\t\t\t\t\t<\/div>\n\t\t\t\t<\/div>\n\t\t\t\t\t<\/div>\n\t\t\t\t<\/div>\n\t\t\t\t<\/div>\n\t\t\t\t<\/div>\n\t\t","protected":false},"excerpt":{"rendered":"<p>Garder les jeunes filles \u00e0 l\u2019\u00e9cole Ce projet vise \u00e0 surmonter les obstacles freinant la scolarisation des filles en agissant sur plusieurs axes : Soutien scolaire et mat\u00e9riel \u00e9ducatif : Fourniture de kits scolaires, aide financi\u00e8re, cours de rattrapage, et suivi acad\u00e9mique. Sensibilisation communautaire : Lutte contre les pr\u00e9jug\u00e9s culturels et promotion de l\u2019\u00e9ducation des [&hellip;]<\/p>\n","protected":false},"author":1,"featured_media":0,"parent":0,"menu_order":0,"comment_status":"closed","ping_status":"closed","template":"","meta":{"footnotes":""},"class_list":["post-821","page","type-page","status-publish","hentry"],"blocksy_meta":[],"_links":{"self":[{"href":"https:\/\/www.ongsaintgabriel.org\/index.php\/wp-json\/wp\/v2\/pages\/821","targetHints":{"allow":["GET"]}}],"collection":[{"href":"https:\/\/www.ongsaintgabriel.org\/index.php\/wp-json\/wp\/v2\/pages"}],"about":[{"href":"https:\/\/www.ongsaintgabriel.org\/index.php\/wp-json\/wp\/v2\/types\/page"}],"author":[{"embeddable":true,"href":"https:\/\/www.ongsaintgabriel.org\/index.php\/wp-json\/wp\/v2\/users\/1"}],"replies":[{"embeddable":true,"href":"https:\/\/www.ongsaintgabriel.org\/index.php\/wp-json\/wp\/v2\/comments?post=821"}],"version-history":[{"count":22,"href":"https:\/\/www.ongsaintgabriel.org\/index.php\/wp-json\/wp\/v2\/pages\/821\/revisions"}],"predecessor-version":[{"id":1804,"href":"https:\/\/www.ongsaintgabriel.org\/index.php\/wp-json\/wp\/v2\/pages\/821\/revisions\/1804"}],"wp:attachment":[{"href":"https:\/\/www.ongsaintgabriel.org\/index.php\/wp-json\/wp\/v2\/media?parent=821"}],"curies":[{"name":"wp","href":"https:\/\/api.w.org\/{rel}","templated":true}]}}