{"id":779,"date":"2025-02-19T08:53:25","date_gmt":"2025-02-19T07:53:25","guid":{"rendered":"http:\/\/localhost\/wordpress\/?page_id=779"},"modified":"2025-10-07T10:04:24","modified_gmt":"2025-10-07T08:04:24","slug":"un-centre-dentrainement","status":"publish","type":"page","link":"https:\/\/www.ongsaintgabriel.org\/index.php\/un-centre-dentrainement\/","title":{"rendered":"La boutique"},"content":{"rendered":"\t\t<div data-elementor-type=\"wp-page\" data-elementor-id=\"779\" class=\"elementor elementor-779\">\n\t\t\t\t<div class=\"elementor-element elementor-element-7760a24 e-con-full e-flex e-con e-parent\" data-id=\"7760a24\" data-element_type=\"container\" data-settings=\"{&quot;background_background&quot;:&quot;classic&quot;}\">\n\t\t\t\t<div class=\"elementor-element elementor-element-29e3631 elementor-pagination-position-inside elementor-arrows-position-inside elementor-widget elementor-widget-image-carousel\" data-id=\"29e3631\" data-element_type=\"widget\" data-settings=\"{&quot;slides_to_show&quot;:&quot;1&quot;,&quot;navigation&quot;:&quot;both&quot;,&quot;autoplay&quot;:&quot;yes&quot;,&quot;pause_on_hover&quot;:&quot;yes&quot;,&quot;pause_on_interaction&quot;:&quot;yes&quot;,&quot;autoplay_speed&quot;:5000,&quot;infinite&quot;:&quot;yes&quot;,&quot;effect&quot;:&quot;slide&quot;,&quot;speed&quot;:500}\" data-widget_type=\"image-carousel.default\">\n\t\t\t\t<div class=\"elementor-widget-container\">\n\t\t\t\t\t\t\t<div class=\"elementor-image-carousel-wrapper swiper\" role=\"region\" aria-roledescription=\"carousel\" aria-label=\"Carrousel d\u2019images\" dir=\"ltr\">\n\t\t\t<div class=\"elementor-image-carousel swiper-wrapper swiper-image-stretch\" aria-live=\"off\">\n\t\t\t\t\t\t\t\t<div class=\"swiper-slide\" role=\"group\" aria-roledescription=\"slide\" aria-label=\"1 sur 3\"><figure class=\"swiper-slide-inner\"><img decoding=\"async\" class=\"swiper-slide-image\" src=\"https:\/\/www.ongsaintgabriel.org\/wp-content\/uploads\/2025\/04\/epco.png\" alt=\"epco\" \/><\/figure><\/div><div class=\"swiper-slide\" role=\"group\" aria-roledescription=\"slide\" aria-label=\"2 sur 3\"><figure class=\"swiper-slide-inner\"><img decoding=\"async\" class=\"swiper-slide-image\" src=\"https:\/\/www.ongsaintgabriel.org\/wp-content\/uploads\/2025\/04\/b4380b36-2d26-416c-a585-fd45b4e71746.png\" alt=\"b4380b36-2d26-416c-a585-fd45b4e71746\" \/><\/figure><\/div><div class=\"swiper-slide\" role=\"group\" aria-roledescription=\"slide\" aria-label=\"3 sur 3\"><figure class=\"swiper-slide-inner\"><img decoding=\"async\" class=\"swiper-slide-image\" src=\"https:\/\/www.ongsaintgabriel.org\/wp-content\/uploads\/2025\/02\/1-2.jpg\" alt=\"1\" \/><\/figure><\/div>\t\t\t<\/div>\n\t\t\t\t\t\t\t\t\t\t\t\t<div class=\"elementor-swiper-button elementor-swiper-button-prev\" role=\"button\" tabindex=\"0\">\n\t\t\t\t\t\t<svg aria-hidden=\"true\" class=\"e-font-icon-svg e-fas-arrow-alt-circle-left\" viewBox=\"0 0 512 512\" xmlns=\"http:\/\/www.w3.org\/2000\/svg\"><path d=\"M256 504C119 504 8 393 8 256S119 8 256 8s248 111 248 248-111 248-248 248zm116-292H256v-70.9c0-10.7-13-16.1-20.5-8.5L121.2 247.5c-4.7 4.7-4.7 12.2 0 16.9l114.3 114.9c7.6 7.6 20.5 2.2 20.5-8.5V300h116c6.6 0 12-5.4 12-12v-64c0-6.6-5.4-12-12-12z\"><\/path><\/svg>\t\t\t\t\t<\/div>\n\t\t\t\t\t<div class=\"elementor-swiper-button elementor-swiper-button-next\" role=\"button\" tabindex=\"0\">\n\t\t\t\t\t\t<svg aria-hidden=\"true\" class=\"e-font-icon-svg e-fas-arrow-circle-right\" viewBox=\"0 0 512 512\" xmlns=\"http:\/\/www.w3.org\/2000\/svg\"><path d=\"M256 8c137 0 248 111 248 248S393 504 256 504 8 393 8 256 119 8 256 8zm-28.9 143.6l75.5 72.4H120c-13.3 0-24 10.7-24 24v16c0 13.3 10.7 24 24 24h182.6l-75.5 72.4c-9.7 9.3-9.9 24.8-.4 34.3l11 10.9c9.4 9.4 24.6 9.4 33.9 0L404.3 273c9.4-9.4 9.4-24.6 0-33.9L271.6 106.3c-9.4-9.4-24.6-9.4-33.9 0l-11 10.9c-9.5 9.6-9.3 25.1.4 34.4z\"><\/path><\/svg>\t\t\t\t\t<\/div>\n\t\t\t\t\n\t\t\t\t\t\t\t\t\t<div class=\"swiper-pagination\"><\/div>\n\t\t\t\t\t\t\t\t\t<\/div>\n\t\t\t\t\t\t<\/div>\n\t\t\t\t<\/div>\n\t\t<div class=\"elementor-element elementor-element-b7af729 e-flex e-con-boxed e-con e-child\" data-id=\"b7af729\" data-element_type=\"container\" data-settings=\"{&quot;background_background&quot;:&quot;classic&quot;}\">\n\t\t\t\t\t<div class=\"e-con-inner\">\n\t\t\t\t<div class=\"elementor-element elementor-element-6e482de elementor-widget elementor-widget-heading\" data-id=\"6e482de\" data-element_type=\"widget\" data-widget_type=\"heading.default\">\n\t\t\t\t<div class=\"elementor-widget-container\">\n\t\t\t\t\t<h2 class=\"elementor-heading-title elementor-size-default\">ENTREPRISE DES PRATIQUES PROFESSIONELS<\/h2>\t\t\t\t<\/div>\n\t\t\t\t<\/div>\n\t\t\t\t<div class=\"elementor-element elementor-element-31f0d37 elementor-widget elementor-widget-text-editor\" data-id=\"31f0d37\" data-element_type=\"widget\" data-widget_type=\"text-editor.default\">\n\t\t\t\t<div class=\"elementor-widget-container\">\n\t\t\t\t\t\t\t\t\t<p>Une approche p\u00e9dagogique bas\u00e9e sur la pratique o\u00f9 des stagiaires se mettent en situation de la vie r\u00e9elle du monde de l\u2019entreprise et du travail. Elle reproduit ainsi toutes les activit\u00e9s que l\u2019on trouve dans divers domaines de l\u2019entreprenariat telles que le secr\u00e9tariat, l\u2019achat, la vente, la comptabilit\u00e9, les ressources humaines, le marketing. Les activit\u00e9s sont parfaitement r\u00e9elles ; cependant il n\u2019y a aucun flux de marchandises ni d\u2019argent. Elle s\u2019adapte ainsi \u00e0 un large public et assure un suivi personnalis\u00e9 de chaque stagiaire. <br \/>Pour quoi ?<br \/>-Former les stagiaires dans la pratique commerciale -Acqu\u00e9rir des comp\u00e9tences professionnelles, m\u00e9thodologiques, sociales et personnelles<br \/>-Identifier leurs difficult\u00e9s d\u2019apprentissage et les aider \u00e0 atteindre leurs projets <br \/>-Favoriser le d\u00e9veloppement des comp\u00e9tences sociales, personnelles, professionnelles et m\u00e9thodologiques des stagiaires-Inculquer les m\u00e9thodes de travail et l\u2019esprit d\u2019\u00e9quipe au sein d&rsquo;un groupe<br \/>-Renforcer leurs aptitudes sur le march\u00e9 du travail Pour qui ?<br \/>-Les jeunes entrepreneurs-Les personnes souhaitant compl\u00e9ter leur formation th\u00e9orique par une approche pratique de l\u2019entreprise-Les grandes entreprises souhaitant renforcer les comp\u00e9tences de\u00a0leurs\u00a0\u00e9quipes<\/p>\t\t\t\t\t\t\t\t<\/div>\n\t\t\t\t<\/div>\n\t\t\t\t\t<\/div>\n\t\t\t\t<\/div>\n\t\t\t\t<\/div>\n\t\t\t\t<\/div>\n\t\t","protected":false},"excerpt":{"rendered":"<p>ENTREPRISE DES PRATIQUES PROFESSIONELS Une approche p\u00e9dagogique bas\u00e9e sur la pratique o\u00f9 des stagiaires se mettent en situation de la vie r\u00e9elle du monde de l\u2019entreprise et du travail. Elle reproduit ainsi toutes les activit\u00e9s que l\u2019on trouve dans divers domaines de l\u2019entreprenariat telles que le secr\u00e9tariat, l\u2019achat, la vente, la comptabilit\u00e9, les ressources humaines, [&hellip;]<\/p>\n","protected":false},"author":1,"featured_media":0,"parent":0,"menu_order":0,"comment_status":"closed","ping_status":"closed","template":"","meta":{"footnotes":""},"class_list":["post-779","page","type-page","status-publish","hentry"],"blocksy_meta":[],"_links":{"self":[{"href":"https:\/\/www.ongsaintgabriel.org\/index.php\/wp-json\/wp\/v2\/pages\/779","targetHints":{"allow":["GET"]}}],"collection":[{"href":"https:\/\/www.ongsaintgabriel.org\/index.php\/wp-json\/wp\/v2\/pages"}],"about":[{"href":"https:\/\/www.ongsaintgabriel.org\/index.php\/wp-json\/wp\/v2\/types\/page"}],"author":[{"embeddable":true,"href":"https:\/\/www.ongsaintgabriel.org\/index.php\/wp-json\/wp\/v2\/users\/1"}],"replies":[{"embeddable":true,"href":"https:\/\/www.ongsaintgabriel.org\/index.php\/wp-json\/wp\/v2\/comments?post=779"}],"version-history":[{"count":35,"href":"https:\/\/www.ongsaintgabriel.org\/index.php\/wp-json\/wp\/v2\/pages\/779\/revisions"}],"predecessor-version":[{"id":1831,"href":"https:\/\/www.ongsaintgabriel.org\/index.php\/wp-json\/wp\/v2\/pages\/779\/revisions\/1831"}],"wp:attachment":[{"href":"https:\/\/www.ongsaintgabriel.org\/index.php\/wp-json\/wp\/v2\/media?parent=779"}],"curies":[{"name":"wp","href":"https:\/\/api.w.org\/{rel}","templated":true}]}}