{"id":57,"date":"2025-02-07T07:59:41","date_gmt":"2025-02-07T06:59:41","guid":{"rendered":"http:\/\/localhost\/wordpress\/?page_id=57"},"modified":"2025-10-06T14:58:32","modified_gmt":"2025-10-06T12:58:32","slug":"la-fabrique","status":"publish","type":"page","link":"https:\/\/www.ongsaintgabriel.org\/index.php\/la-fabrique\/","title":{"rendered":"La Fabrique"},"content":{"rendered":"\t\t<div data-elementor-type=\"wp-page\" data-elementor-id=\"57\" class=\"elementor elementor-57\">\n\t\t\t\t<div class=\"elementor-element elementor-element-59274ad e-flex e-con-boxed e-con e-parent\" data-id=\"59274ad\" data-element_type=\"container\" data-settings=\"{&quot;background_background&quot;:&quot;classic&quot;}\">\n\t\t\t\t\t<div class=\"e-con-inner\">\n\t\t<div class=\"elementor-element elementor-element-e0d5219 e-con-full e-flex e-con e-child\" data-id=\"e0d5219\" data-element_type=\"container\">\n\t\t<div class=\"elementor-element elementor-element-c71acf6 e-con-full e-flex e-con e-child\" data-id=\"c71acf6\" data-element_type=\"container\">\n\t\t\t\t<div class=\"elementor-element elementor-element-1bb1628 animated-slow elementor-invisible elementor-widget elementor-widget-image\" data-id=\"1bb1628\" data-element_type=\"widget\" data-settings=\"{&quot;_animation&quot;:&quot;fadeInLeft&quot;}\" data-widget_type=\"image.default\">\n\t\t\t\t<div class=\"elementor-widget-container\">\n\t\t\t\t\t\t\t\t\t\t\t\t\t\t\t<img fetchpriority=\"high\" decoding=\"async\" width=\"8001\" height=\"4501\" src=\"https:\/\/www.ongsaintgabriel.org\/wp-content\/uploads\/2025\/04\/LOGO_LA_FABRIQUE_FINAL_LA-FABRIQUE.png\" class=\"attachment-full size-full wp-image-1239\" alt=\"\" \/>\t\t\t\t\t\t\t\t\t\t\t\t\t\t\t<\/div>\n\t\t\t\t<\/div>\n\t\t\t\t<\/div>\n\t\t<div class=\"elementor-element elementor-element-7bdeab0 e-con-full animated-fast e-flex elementor-invisible e-con e-child\" data-id=\"7bdeab0\" data-element_type=\"container\" data-settings=\"{&quot;animation&quot;:&quot;fadeInRight&quot;}\">\n\t\t\t\t<div class=\"elementor-element elementor-element-b657afa elementor-widget elementor-widget-heading\" data-id=\"b657afa\" data-element_type=\"widget\" data-widget_type=\"heading.default\">\n\t\t\t\t<div class=\"elementor-widget-container\">\n\t\t\t\t\t<h2 class=\"elementor-heading-title elementor-size-default\">LA FABRIQUE des pratiques entrepreneuriales<\/h2>\t\t\t\t<\/div>\n\t\t\t\t<\/div>\n\t\t\t\t<div class=\"elementor-element elementor-element-4682c51 elementor-widget elementor-widget-text-editor\" data-id=\"4682c51\" data-element_type=\"widget\" data-widget_type=\"text-editor.default\">\n\t\t\t\t<div class=\"elementor-widget-container\">\n\t\t\t\t\t\t\t\t\t<p>La Fabrique des Pratiques Entrepreneuriales est une structure d\u2019appui int\u00e9gr\u00e9e au sein de l\u2019ONG St Gabriel, engag\u00e9e dans la promotion de la dignit\u00e9 humaine \u00e0 travers un d\u00e9veloppement durable co-construit, alliant valeurs humaines et \u00e9thiques.\u00a0<span style=\"font-family: inherit; font-size: inherit; font-style: inherit; font-variant-ligatures: inherit; font-variant-caps: inherit; font-weight: inherit;\">Elle s\u2019inscrit dans la continuit\u00e9 de la coop\u00e9ration entre les villes de Saint-\u00c9tienne (France) et Tamatave (Madagascar), initi\u00e9e en 1971 et renforc\u00e9e d\u00e8s 2012 par des actions concr\u00e8tes. L\u2019un des projets fondateurs fut ECOSAN, qui a permis l\u2019installation de 100 latrines \u00e9cologiques \u00e0 Tamatave, marquant le point de d\u00e9part d\u2019un engagement commun pour l\u2019am\u00e9lioration durable des conditions de vie locales.<\/span><\/p><p>\u00a0<\/p>\t\t\t\t\t\t\t\t<\/div>\n\t\t\t\t<\/div>\n\t\t\t\t<\/div>\n\t\t\t\t<\/div>\n\t\t<div class=\"elementor-element elementor-element-586cf32 e-con-full e-flex e-con e-child\" data-id=\"586cf32\" data-element_type=\"container\">\n\t\t\t\t<div class=\"elementor-element elementor-element-78fc0a8 elementor-widget elementor-widget-text-editor\" data-id=\"78fc0a8\" data-element_type=\"widget\" data-widget_type=\"text-editor.default\">\n\t\t\t\t<div class=\"elementor-widget-container\">\n\t\t\t\t\t\t\t\t\t<p style=\"font-style: normal; font-variant-ligatures: normal; font-variant-caps: normal; font-weight: 400; font-size: 18px; font-family: Poppins, sans-serif; margin-block-end: 27px; text-align: justify;\">C\u2019est dans cette dynamique qu\u2019est n\u00e9e La Fabrique en 2016, avec pour ambition de r\u00e9pondre aux besoins du territoire en mati\u00e8re de soutien \u00e0 l\u2019entrepreneuriat. En collaboration avec la Ville de Saint-\u00c9tienne et des partenaires locaux, elle joue depuis un r\u00f4le essentiel dans l\u2019\u00e9cosyst\u00e8me entrepreneurial de Tamatave.&nbsp;<span style=\"font-family: inherit; font-size: inherit; font-style: inherit; font-variant-ligatures: inherit; font-variant-caps: inherit; font-weight: inherit;\">Son engagement se traduit par la cr\u00e9ation d\u2019une p\u00e9pini\u00e8re d\u2019entreprises, des programmes de formation et d\u2019accompagnement, ainsi que des initiatives innovantes telles qu\u2019une entreprise de pratique commerciale.<\/span><span style=\"font-family: inherit; font-size: inherit; font-style: inherit; font-variant-ligatures: inherit; font-variant-caps: inherit; font-weight: inherit; text-align: start;\">&nbsp;<\/span><span style=\"font-family: Arial, sans-serif; font-size: 12pt; font-style: inherit; font-variant-ligatures: inherit; font-variant-caps: inherit; font-weight: inherit;\">Inscrite dans une d\u00e9marche globale port\u00e9e par l\u2019ONG St Gabriel,<\/span><\/p>\n<p style=\"font-style: normal; font-variant-ligatures: normal; font-variant-caps: normal; font-weight: 400; font-size: 18px; font-family: Poppins, sans-serif; margin-block-end: 27px; text-align: justify;\"><span style=\"font-family: Arial, sans-serif; font-size: 12pt; font-style: inherit; font-variant-ligatures: inherit; font-variant-caps: inherit; font-weight: inherit;\">&nbsp;La Fabrique se positionne au c\u0153ur d\u2019une strat\u00e9gie d\u2019autonomisation des communaut\u00e9s locales par l\u2019entrepreneuriat. Elle vise \u00e0 cr\u00e9er un impact durable en renfor\u00e7ant les capacit\u00e9s entrepreneuriales, en favorisant l\u2019inclusion sociale, et en contribuant \u00e0 la croissance \u00e9conomique locale.<\/span><\/p>\n<p class=\"MsoNormal\" style=\"mso-margin-top-alt: auto; mso-margin-bottom-alt: auto; text-align: justify; line-height: normal; mso-hyphenate: auto;\"><span lang=\"FR\" style=\"font-size: 12.0pt; font-family: 'Arial',sans-serif; mso-fareast-font-family: 'Times New Roman'; mso-fareast-language: FR;\">Son objectif principal est de s\u00e9curiser le parcours des entrepreneurs \u00e9mergents, tout en proposant un dispositif complet d\u2019appui et de renforcement de capacit\u00e9s, notamment pour am\u00e9liorer l\u2019employabilit\u00e9 des jeunes.<\/span><\/p>\t\t\t\t\t\t\t\t<\/div>\n\t\t\t\t<\/div>\n\t\t\t\t<\/div>\n\t\t<div class=\"elementor-element elementor-element-f3e3e5c e-con-full e-flex e-con e-child\" data-id=\"f3e3e5c\" data-element_type=\"container\">\n\t\t<div class=\"elementor-element elementor-element-b3d26ad e-con-full e-flex e-con e-child\" data-id=\"b3d26ad\" data-element_type=\"container\">\n\t\t\t\t<div class=\"elementor-element elementor-element-1304eb8 elementor-widget elementor-widget-image\" data-id=\"1304eb8\" data-element_type=\"widget\" data-widget_type=\"image.default\">\n\t\t\t\t<div class=\"elementor-widget-container\">\n\t\t\t\t\t\t\t\t\t\t\t\t\t\t\t<img decoding=\"async\" width=\"532\" height=\"210\" src=\"https:\/\/www.ongsaintgabriel.org\/wp-content\/uploads\/2025\/04\/peplogo.png\" class=\"attachment-large size-large wp-image-1240\" alt=\"\" \/>\t\t\t\t\t\t\t\t\t\t\t\t\t\t\t<\/div>\n\t\t\t\t<\/div>\n\t\t\t\t<div class=\"elementor-element elementor-element-8d234b3 elementor-button-success elementor-align-justify elementor-widget elementor-widget-button\" data-id=\"8d234b3\" data-element_type=\"widget\" data-widget_type=\"button.default\">\n\t\t\t\t<div class=\"elementor-widget-container\">\n\t\t\t\t\t\t\t\t\t<div class=\"elementor-button-wrapper\">\n\t\t\t\t\t<a class=\"elementor-button elementor-button-link elementor-size-sm elementor-animation-bounce-in\" href=\"https:\/\/www.ongsaintgabriel.org\/index.php\/une-pepiniere-dentreprises\/\">\n\t\t\t\t\t\t<span class=\"elementor-button-content-wrapper\">\n\t\t\t\t\t\t\t\t\t<span class=\"elementor-button-text\">Pepini\u00e8re d'Entreprise<\/span>\n\t\t\t\t\t<\/span>\n\t\t\t\t\t<\/a>\n\t\t\t\t<\/div>\n\t\t\t\t\t\t\t\t<\/div>\n\t\t\t\t<\/div>\n\t\t\t\t<\/div>\n\t\t<div class=\"elementor-element elementor-element-53299a1 e-con-full e-flex e-con e-child\" data-id=\"53299a1\" data-element_type=\"container\">\n\t\t\t\t<div class=\"elementor-element elementor-element-09bd1c8 elementor-widget elementor-widget-image\" data-id=\"09bd1c8\" data-element_type=\"widget\" data-widget_type=\"image.default\">\n\t\t\t\t<div class=\"elementor-widget-container\">\n\t\t\t\t\t\t\t\t\t\t\t\t\t\t\t<img decoding=\"async\" width=\"1024\" height=\"931\" src=\"https:\/\/www.ongsaintgabriel.org\/wp-content\/uploads\/2025\/04\/logo-MFT.pdf.png\" class=\"attachment-large size-large wp-image-1241\" alt=\"\" \/>\t\t\t\t\t\t\t\t\t\t\t\t\t\t\t<\/div>\n\t\t\t\t<\/div>\n\t\t\t\t<div class=\"elementor-element elementor-element-ca78ff2 elementor-button-success elementor-align-justify elementor-widget elementor-widget-button\" data-id=\"ca78ff2\" data-element_type=\"widget\" data-widget_type=\"button.default\">\n\t\t\t\t<div class=\"elementor-widget-container\">\n\t\t\t\t\t\t\t\t\t<div class=\"elementor-button-wrapper\">\n\t\t\t\t\t<a class=\"elementor-button elementor-button-link elementor-size-sm elementor-animation-bounce-in\" href=\"https:\/\/www.ongsaintgabriel.org\/index.php\/un-centre-dentrainement\/\">\n\t\t\t\t\t\t<span class=\"elementor-button-content-wrapper\">\n\t\t\t\t\t\t\t\t\t<span class=\"elementor-button-text\">Entreprise des Pratiques Professionnels<\/span>\n\t\t\t\t\t<\/span>\n\t\t\t\t\t<\/a>\n\t\t\t\t<\/div>\n\t\t\t\t\t\t\t\t<\/div>\n\t\t\t\t<\/div>\n\t\t\t\t<\/div>\n\t\t<div class=\"elementor-element elementor-element-eda32da e-con-full e-flex e-con e-child\" data-id=\"eda32da\" data-element_type=\"container\">\n\t\t\t\t<div class=\"elementor-element elementor-element-2efcdd6 elementor-widget elementor-widget-image\" data-id=\"2efcdd6\" data-element_type=\"widget\" data-widget_type=\"image.default\">\n\t\t\t\t<div class=\"elementor-widget-container\">\n\t\t\t\t\t\t\t\t\t\t\t\t\t\t\t<img loading=\"lazy\" decoding=\"async\" width=\"1024\" height=\"768\" src=\"https:\/\/www.ongsaintgabriel.org\/wp-content\/uploads\/2025\/04\/WhatsApp-Image-2025-04-04-a-10.17.43_b04de4d9.jpg\" class=\"attachment-large size-large wp-image-1243\" alt=\"\" \/>\t\t\t\t\t\t\t\t\t\t\t\t\t\t\t<\/div>\n\t\t\t\t<\/div>\n\t\t\t\t<div class=\"elementor-element elementor-element-d494f82 elementor-button-success elementor-align-justify elementor-widget elementor-widget-button\" data-id=\"d494f82\" data-element_type=\"widget\" data-widget_type=\"button.default\">\n\t\t\t\t<div class=\"elementor-widget-container\">\n\t\t\t\t\t\t\t\t\t<div class=\"elementor-button-wrapper\">\n\t\t\t\t\t<a class=\"elementor-button elementor-button-link elementor-size-sm elementor-animation-bounce-in\" href=\"https:\/\/www.ongsaintgabriel.org\/index.php\/boutique-de-la-fabrique\/\">\n\t\t\t\t\t\t<span class=\"elementor-button-content-wrapper\">\n\t\t\t\t\t\t\t\t\t<span class=\"elementor-button-text\">La Boutique de la  Fabrique<\/span>\n\t\t\t\t\t<\/span>\n\t\t\t\t\t<\/a>\n\t\t\t\t<\/div>\n\t\t\t\t\t\t\t\t<\/div>\n\t\t\t\t<\/div>\n\t\t\t\t<\/div>\n\t\t\t\t<\/div>\n\t\t\t\t\t<\/div>\n\t\t\t\t<\/div>\n\t\t\t\t<\/div>\n\t\t","protected":false},"excerpt":{"rendered":"<p>LA FABRIQUE des pratiques entrepreneuriales La Fabrique des Pratiques Entrepreneuriales est une structure d\u2019appui int\u00e9gr\u00e9e au sein de l\u2019ONG St Gabriel, engag\u00e9e dans la promotion de la dignit\u00e9 humaine \u00e0 travers un d\u00e9veloppement durable co-construit, alliant valeurs humaines et \u00e9thiques.\u00a0Elle s\u2019inscrit dans la continuit\u00e9 de la coop\u00e9ration entre les villes de Saint-\u00c9tienne (France) et Tamatave [&hellip;]<\/p>\n","protected":false},"author":1,"featured_media":0,"parent":0,"menu_order":0,"comment_status":"closed","ping_status":"closed","template":"","meta":{"footnotes":""},"class_list":["post-57","page","type-page","status-publish","hentry"],"blocksy_meta":[],"_links":{"self":[{"href":"https:\/\/www.ongsaintgabriel.org\/index.php\/wp-json\/wp\/v2\/pages\/57","targetHints":{"allow":["GET"]}}],"collection":[{"href":"https:\/\/www.ongsaintgabriel.org\/index.php\/wp-json\/wp\/v2\/pages"}],"about":[{"href":"https:\/\/www.ongsaintgabriel.org\/index.php\/wp-json\/wp\/v2\/types\/page"}],"author":[{"embeddable":true,"href":"https:\/\/www.ongsaintgabriel.org\/index.php\/wp-json\/wp\/v2\/users\/1"}],"replies":[{"embeddable":true,"href":"https:\/\/www.ongsaintgabriel.org\/index.php\/wp-json\/wp\/v2\/comments?post=57"}],"version-history":[{"count":61,"href":"https:\/\/www.ongsaintgabriel.org\/index.php\/wp-json\/wp\/v2\/pages\/57\/revisions"}],"predecessor-version":[{"id":1791,"href":"https:\/\/www.ongsaintgabriel.org\/index.php\/wp-json\/wp\/v2\/pages\/57\/revisions\/1791"}],"wp:attachment":[{"href":"https:\/\/www.ongsaintgabriel.org\/index.php\/wp-json\/wp\/v2\/media?parent=57"}],"curies":[{"name":"wp","href":"https:\/\/api.w.org\/{rel}","templated":true}]}}